{"id":178,"date":"2022-03-14T11:14:36","date_gmt":"2022-03-14T15:14:36","guid":{"rendered":"https:\/\/auboutdufil.biz\/wp2\/?page_id=178"},"modified":"2022-03-28T14:35:38","modified_gmt":"2022-03-28T18:35:38","slug":"sites-crees-et-heberges","status":"publish","type":"page","link":"https:\/\/auboutdufil.biz\/wp2\/index.php\/sites-crees-et-heberges\/","title":{"rendered":"Sites cr\u00e9\u00e9s et h\u00e9berg\u00e9s"},"content":{"rendered":"<p style=\"text-align: center;\"><a class=\"wp-colorbox-image\" href=\"https:\/\/auboutdufil.biz\/wp2\/wp-content\/uploads\/2021\/05\/Screen-Shot-2021-05-14-at-20.25.09.png\">Agrandir<\/a><br \/>\n<img decoding=\"async\" class=\" wp-image-72 aligncenter\" src=\"https:\/\/auboutdufil.biz\/wp2\/wp-content\/uploads\/2021\/05\/Screen-Shot-2021-05-14-at-20.25.09-150x150.png\" alt=\"\" width=\"150\" \/><br \/>\n<a title=\"Courtepointe Claire\" href=\"https:\/\/courtepointeclaire.ca\" target=\"_blank\" rel=\"noopener\">Ouvrir Courtepointe Claire<\/a><\/p>\n<hr style=\"height: 10px; background-color: blue; border-radius: 10px\" \/>\n<p style=\"text-align: center;\"><a class=\"wp-colorbox-image\" href=\"https:\/\/auboutdufil.biz\/wp2\/wp-content\/uploads\/2021\/05\/Screen-Shot-2021-05-14-at-20.24.39.png\">Agrandir<\/a><\/p>\n<p style=\"text-align: center;\"><img loading=\"lazy\" decoding=\"async\" class=\"size-thumbnail wp-image-73 aligncenter\" src=\"https:\/\/auboutdufil.biz\/wp2\/wp-content\/uploads\/2021\/05\/Screen-Shot-2021-05-14-at-20.24.39-150x150.png\" alt=\"\" width=\"150\" height=\"150\" \/><br \/>\n<a title=\"Quilting with Claire\" href=\"https:\/\/quiltingwithclaire.com\" target=\"_blank\" rel=\"noopener\">Ouvrir Quilting with Claire<\/a><\/p>\n<hr style=\"height: 10px; background-color: blue; border-radius: 10px\" \/>\n<p style=\"text-align: center;\"><a class=\"wp-colorbox-image\" href=\"https:\/\/auboutdufil.biz\/wp2\/wp-content\/uploads\/2021\/05\/Screen-Shot-2021-05-14-at-20.24.03.png\">Agrandir<\/a><\/p>\n<p style=\"text-align: center;\"><img loading=\"lazy\" decoding=\"async\" class=\"size-thumbnail wp-image-74 aligncenter\" src=\"https:\/\/auboutdufil.biz\/wp2\/wp-content\/uploads\/2021\/05\/Screen-Shot-2021-05-14-at-20.24.03-150x150.png\" alt=\"\" width=\"150\" height=\"150\" \/><br \/>\n<a title=\"Professional Quilters\" href=\"https:\/\/professionalquilters.com\/wp\" target=\"_blank\" rel=\"noopener\">Ouvrir Professional Quilters<\/a><\/p>\n<hr style=\"height: 10px; background-color: blue; border-radius: 10px\" \/>\n<p style=\"text-align: center;\"><a class=\"wp-colorbox-image\" href=\"https:\/\/auboutdufil.biz\/wp2\/wp-content\/uploads\/2021\/05\/Screen-Shot-2021-05-18-at-06.21.48.png\">Agrandir<\/a><\/p>\n<p style=\"text-align: center;\"><img loading=\"lazy\" decoding=\"async\" class=\"size-thumbnail wp-image-74 aligncenter\" src=\"https:\/\/auboutdufil.biz\/wp2\/wp-content\/uploads\/2021\/05\/Screen-Shot-2021-05-18-at-06.21.48-150x150.png\" alt=\"\" width=\"150\" height=\"150\" \/><br \/>\n<a title=\"FACNH\" href=\"https:\/\/facnh.com\" target=\"_blank\" rel=\"noopener\">Ouvrir FACNH<\/a><\/p>\n","protected":false},"excerpt":{"rendered":"<p>Ouvrir Courtepointe Claire Ouvrir Quilting with Claire Ouvrir Professional Quilters Ouvrir FACNH<\/p>\n","protected":false},"author":1,"featured_media":0,"parent":0,"menu_order":0,"comment_status":"closed","ping_status":"closed","template":"","meta":{"_acf_changed":false,"_monsterinsights_skip_tracking":false,"_monsterinsights_sitenote_active":false,"_monsterinsights_sitenote_note":"","_monsterinsights_sitenote_category":0,"footnotes":""},"class_list":["post-178","page","type-page","status-publish","hentry"],"acf":[],"aioseo_notices":[],"_links":{"self":[{"href":"https:\/\/auboutdufil.biz\/wp2\/index.php\/wp-json\/wp\/v2\/pages\/178","targetHints":{"allow":["GET"]}}],"collection":[{"href":"https:\/\/auboutdufil.biz\/wp2\/index.php\/wp-json\/wp\/v2\/pages"}],"about":[{"href":"https:\/\/auboutdufil.biz\/wp2\/index.php\/wp-json\/wp\/v2\/types\/page"}],"author":[{"embeddable":true,"href":"https:\/\/auboutdufil.biz\/wp2\/index.php\/wp-json\/wp\/v2\/users\/1"}],"replies":[{"embeddable":true,"href":"https:\/\/auboutdufil.biz\/wp2\/index.php\/wp-json\/wp\/v2\/comments?post=178"}],"version-history":[{"count":57,"href":"https:\/\/auboutdufil.biz\/wp2\/index.php\/wp-json\/wp\/v2\/pages\/178\/revisions"}],"predecessor-version":[{"id":258,"href":"https:\/\/auboutdufil.biz\/wp2\/index.php\/wp-json\/wp\/v2\/pages\/178\/revisions\/258"}],"wp:attachment":[{"href":"https:\/\/auboutdufil.biz\/wp2\/index.php\/wp-json\/wp\/v2\/media?parent=178"}],"curies":[{"name":"wp","href":"https:\/\/api.w.org\/{rel}","templated":true}]}}