{"id":6,"date":"2021-05-14T00:20:30","date_gmt":"2021-05-14T00:20:30","guid":{"rendered":"https:\/\/auboutdufil.biz\/wp2\/?page_id=6"},"modified":"2021-05-25T14:37:52","modified_gmt":"2021-05-25T18:37:52","slug":"a-propos-de","status":"publish","type":"page","link":"https:\/\/auboutdufil.biz\/wp2\/index.php\/a-propos-de\/","title":{"rendered":"\u00c0 propos de"},"content":{"rendered":"\n<p>Vous pourriez \u00eatre un individu et vouloir pr\u00e9senter vos travaux, vos services et vous m\u00eame ou encore \u00eatre une entreprise avec une mission \u00e0 promouvoir.<\/p>\n\n\n\n<p>Utilisez le <a href=\"https:\/\/auboutdufil.biz\/wp2\/index.php\/contact\/\" target=\"_blank\" rel=\"noreferrer noopener\">formulaire<\/a> pour nous contacter<\/p>\n","protected":false},"excerpt":{"rendered":"<p>Vous pourriez \u00eatre un individu et vouloir pr\u00e9senter vos travaux, vos services et vous m\u00eame ou encore \u00eatre une entreprise avec une mission \u00e0 promouvoir. Utilisez le formulaire pour nous contacter<\/p>\n","protected":false},"author":1,"featured_media":0,"parent":0,"menu_order":0,"comment_status":"closed","ping_status":"closed","template":"","meta":{"_acf_changed":false,"_monsterinsights_skip_tracking":false,"_monsterinsights_sitenote_active":false,"_monsterinsights_sitenote_note":"","_monsterinsights_sitenote_category":0,"footnotes":""},"class_list":["post-6","page","type-page","status-publish","hentry"],"acf":[],"aioseo_notices":[],"_links":{"self":[{"href":"https:\/\/auboutdufil.biz\/wp2\/index.php\/wp-json\/wp\/v2\/pages\/6","targetHints":{"allow":["GET"]}}],"collection":[{"href":"https:\/\/auboutdufil.biz\/wp2\/index.php\/wp-json\/wp\/v2\/pages"}],"about":[{"href":"https:\/\/auboutdufil.biz\/wp2\/index.php\/wp-json\/wp\/v2\/types\/page"}],"author":[{"embeddable":true,"href":"https:\/\/auboutdufil.biz\/wp2\/index.php\/wp-json\/wp\/v2\/users\/1"}],"replies":[{"embeddable":true,"href":"https:\/\/auboutdufil.biz\/wp2\/index.php\/wp-json\/wp\/v2\/comments?post=6"}],"version-history":[{"count":3,"href":"https:\/\/auboutdufil.biz\/wp2\/index.php\/wp-json\/wp\/v2\/pages\/6\/revisions"}],"predecessor-version":[{"id":138,"href":"https:\/\/auboutdufil.biz\/wp2\/index.php\/wp-json\/wp\/v2\/pages\/6\/revisions\/138"}],"wp:attachment":[{"href":"https:\/\/auboutdufil.biz\/wp2\/index.php\/wp-json\/wp\/v2\/media?parent=6"}],"curies":[{"name":"wp","href":"https:\/\/api.w.org\/{rel}","templated":true}]}}